{"id":53,"date":"2019-07-22T14:11:48","date_gmt":"2019-07-22T17:11:48","guid":{"rendered":"http:\/\/otyxe.ignaciojofre.com\/?page_id=20"},"modified":"2023-12-24T18:08:24","modified_gmt":"2023-12-24T21:08:24","slug":"nosotros","status":"publish","type":"page","link":"https:\/\/otyxe.cl\/?page_id=53","title":{"rendered":"Nosotros"},"content":{"rendered":"\t\t<div data-elementor-type=\"wp-page\" data-elementor-id=\"53\" class=\"elementor elementor-53\">\n\t\t\t\t\t\t<section class=\"elementor-section elementor-top-section elementor-element elementor-element-7d53818 elementor-section-boxed elementor-section-height-default elementor-section-height-default\" data-id=\"7d53818\" data-element_type=\"section\">\n\t\t\t\t\t\t<div class=\"elementor-container elementor-column-gap-default\">\n\t\t\t\t\t<div class=\"elementor-column elementor-col-50 elementor-top-column elementor-element elementor-element-58e4bcb\" data-id=\"58e4bcb\" data-element_type=\"column\">\n\t\t\t<div class=\"elementor-widget-wrap elementor-element-populated\">\n\t\t\t\t\t\t<div class=\"elementor-element elementor-element-c402477 elementor-widget elementor-widget-image\" data-id=\"c402477\" data-element_type=\"widget\" data-widget_type=\"image.default\">\n\t\t\t\t<div class=\"elementor-widget-container\">\n\t\t\t\t\t\t\t\t\t\t\t\t<figure class=\"wp-caption\">\n\t\t\t\t\t\t\t\t\t\t\t<a href=\"https:\/\/otyxe.cl\/wp-content\/uploads\/2023\/12\/logo-mintrab-.png\" data-elementor-open-lightbox=\"yes\" data-elementor-lightbox-title=\"logo-mintrab-\" data-e-action-hash=\"#elementor-action%3Aaction%3Dlightbox%26settings%3DeyJpZCI6Mjg5NiwidXJsIjoiaHR0cHM6XC9cL290eXhlLmNsXC93cC1jb250ZW50XC91cGxvYWRzXC8yMDIzXC8xMlwvbG9nby1taW50cmFiLS5wbmcifQ%3D%3D\">\n\t\t\t\t\t\t\t<img decoding=\"async\" width=\"150\" height=\"150\" src=\"https:\/\/otyxe.cl\/wp-content\/uploads\/2023\/12\/logo-mintrab--150x150.png\" class=\"attachment-thumbnail size-thumbnail wp-image-2896\" alt=\"\" \/>\t\t\t\t\t\t\t\t<\/a>\n\t\t\t\t\t\t\t\t\t\t\t<figcaption class=\"widget-image-caption wp-caption-text\">Reconocido por el Ministerio del Trabajo y Previsi\u00f3n Social.<\/figcaption>\n\t\t\t\t\t\t\t\t\t\t<\/figure>\n\t\t\t\t\t\t\t\t\t<\/div>\n\t\t\t\t<\/div>\n\t\t\t\t\t<\/div>\n\t\t<\/div>\n\t\t\t\t<div class=\"elementor-column elementor-col-50 elementor-top-column elementor-element elementor-element-414cae3\" data-id=\"414cae3\" data-element_type=\"column\">\n\t\t\t<div class=\"elementor-widget-wrap elementor-element-populated\">\n\t\t\t\t\t\t<div class=\"elementor-element elementor-element-8840a0d elementor-widget elementor-widget-image\" data-id=\"8840a0d\" data-element_type=\"widget\" data-widget_type=\"image.default\">\n\t\t\t\t<div class=\"elementor-widget-container\">\n\t\t\t\t\t\t\t\t\t\t\t\t<figure class=\"wp-caption\">\n\t\t\t\t\t\t\t\t\t\t<img decoding=\"async\" src=\"https:\/\/otyxe.cl\/wp-content\/uploads\/elementor\/thumbs\/WhatsApp-Image-2023-12-18-at-11.51.12-qh5zp3vuom515ispycp7jbslxav1byw3eyempv310o.jpeg\" title=\"WhatsApp Image 2023-12-18 at 11.51.12\" alt=\"WhatsApp Image 2023-12-18 at 11.51.12\" loading=\"lazy\" \/>\t\t\t\t\t\t\t\t\t\t\t<figcaption class=\"widget-image-caption wp-caption-text\">Aprobado por ICONTEC Organismo multinacional , que trabaja para fomentar  la certificaci\u00f3n  y la gesti\u00f3n de la calidad.<\/figcaption>\n\t\t\t\t\t\t\t\t\t\t<\/figure>\n\t\t\t\t\t\t\t\t\t<\/div>\n\t\t\t\t<\/div>\n\t\t\t\t\t<\/div>\n\t\t<\/div>\n\t\t\t\t\t<\/div>\n\t\t<\/section>\n\t\t\t\t<section class=\"elementor-section elementor-top-section elementor-element elementor-element-40502838 elementor-section-boxed elementor-section-height-default elementor-section-height-default\" data-id=\"40502838\" data-element_type=\"section\">\n\t\t\t\t\t\t<div class=\"elementor-container elementor-column-gap-default\">\n\t\t\t\t\t<div class=\"elementor-column elementor-col-100 elementor-top-column elementor-element elementor-element-41f9c648\" data-id=\"41f9c648\" data-element_type=\"column\">\n\t\t\t<div class=\"elementor-widget-wrap elementor-element-populated\">\n\t\t\t\t\t\t<div class=\"elementor-element elementor-element-62f41f01 elementor-widget elementor-widget-text-editor\" data-id=\"62f41f01\" data-element_type=\"widget\" data-widget_type=\"text-editor.default\">\n\t\t\t\t<div class=\"elementor-widget-container\">\n\t\t\t\t\t\t\t\t\t\n<p>\u00a0<\/p>\n<p>\u00a0<\/p>\n<p>Somos un equipo humano especialista en diversas \u00e1reas, las que en conjunto conjugan y activan a diario el buen clima laboral, obteniendo as\u00ed la expresi\u00f3n libre de ideas y el respeto por las diferentes miradas que se puedan producir dada la heterogeneidad de la formaci\u00f3n acad\u00e9mica.<\/p>\n\n<p class=\"has-text-align-center\"><strong><em>VISION<\/em><\/strong><\/p>\n<hr class=\"wp-block-separator\" \/>\n<p>OTYXE nace para contribuir con la mejora continua del desempe\u00f1o laboral a los profesionales cuya tarea se forja en las manos y mentes de distintos acad\u00e9micos de alta prestigio y seriedad, solucionando y satisfaciendo necesidades en la regi\u00f3n.<\/p>\n\n<p class=\"has-text-align-center\"><strong><em>MISI\u00d3N<\/em><\/strong><\/p>\n<hr class=\"wp-block-separator\" \/>\n<p>OTYXE es un Instituto de Capacitaci\u00f3n cuya misi\u00f3n es entregar recursos al desarrollo humano y profesional orientada a desarrollar habilidades y conocimientos cuyos potenciales son necesarios para lograr un buen desempe\u00f1o y as\u00ed enfrentar los desaf\u00edos que impone el mundo laboral.<\/p>\n\n<p class=\"has-text-align-center\"><strong><em>VALORES<\/em><\/strong><\/p>\n<hr class=\"wp-block-separator\" \/>\n<ol>\n<li><strong>Transparencia: <\/strong>Que las motivaciones de servir profesionalmente y los temas a trabajar sean entregados de acuerdo a lo postulado y con entera informaci\u00f3n del\u00a0o la interesada\/o.<\/li>\n<li><strong>Compromiso :<\/strong> Pondremos al m\u00e1ximo nuestras capacidades para llegar con \u00e9xito a lo programado.<\/li>\n<li><strong>Responsabilidad<\/strong>:\u00a0Responderemos al cumplimiento de las metas y a los compromisos con algo o con alguien.<\/li>\n<\/ol>\n\n<div class=\"wp-block-spacer\" style=\"height: 57px;\" aria-hidden=\"true\">\u00a0<\/div>\n\n<p class=\"has-text-align-center has-quinary-color has-text-color has-background\" style=\"background-color: #294597;\"><strong>NUESTRO EQUIPO<\/strong><\/p>\n\n<div class=\"wp-block-columns has-3-columns is-layout-flex wp-container-core-columns-layout-2 wp-block-columns-is-layout-flex\">\n<div class=\"wp-block-column is-layout-flow wp-block-column-is-layout-flow\">\n<figure class=\"wp-block-image size-large\"><img fetchpriority=\"high\" decoding=\"async\" width=\"476\" height=\"635\" class=\"wp-image-1119\" src=\"https:\/\/otyxe.cl\/wp-content\/uploads\/2021\/05\/dsadsa-edited.jpg\" alt=\"\" srcset=\"https:\/\/otyxe.cl\/wp-content\/uploads\/2021\/05\/dsadsa-edited.jpg 476w, https:\/\/otyxe.cl\/wp-content\/uploads\/2021\/05\/dsadsa-edited-225x300.jpg 225w\" sizes=\"(max-width: 476px) 100vw, 476px\" \/><\/figure>\n\n<p class=\"has-text-align-center\"><strong>Marisol Villegas Huerta<\/strong><\/p>\n\n<p class=\"has-text-align-center\"><strong>DIRECTORA ACAD\u00c9MICA Y REPRESENTANTE LEGAL DE INSTITUTO DE CAPACITACI\u00d3N OTYXE SPA<\/strong><\/p>\n\n<p>Realiz\u00f3 estudios en universidad de Concepci\u00f3n, Universidad Aconcagua de Temuco y Universidad Cat\u00f3lica de la Sant\u00edsima Concepci\u00f3n. Con t\u00edtulo de Educaci\u00f3n B\u00e1sica, Licenciada en Educaci\u00f3n y Educadora Diferencial\u00a0 ,\u00a0 Psicopedagoga, Licenciada en Psicolog\u00eda.\u00a0 Psic\u00f3loga Educacional y Sist\u00e9mica, desempe\u00f1\u00e1ndose en el \u00e1rea educacional y familiar. Especial desempe\u00f1o con estudiantes con NEE\u00a0 de distintos diagn\u00f3sticos y capacidades. Realiz\u00f3 cargos directivos en instituciones educacionales con una labor orientada a grandes logros manteniendo la mirada al desarrollo y la valoraci\u00f3n a las capacidades de todo ser humano. Con experiencia en el manejo de gesti\u00f3n y excelencia en trabajos con grupos humanos, valorando la prescindencia del buen clima social y la permanente motivaci\u00f3n a la entrega de recursos y el desarrollo de habilidades, conocimientos, movilidad a la tarea profesional, y accesibilidad a sus \u00e1reas de desempe\u00f1o.<\/p>\n<\/div>\n\n<div class=\"wp-block-column is-layout-flow wp-block-column-is-layout-flow\">\n<figure class=\"wp-block-image\"><img decoding=\"async\" width=\"1024\" height=\"1024\" class=\"wp-image-344\" src=\"https:\/\/otyxe.cl\/wp-content\/uploads\/2019\/09\/Foto002-1024x1024.jpg\" alt=\"\" srcset=\"https:\/\/otyxe.cl\/wp-content\/uploads\/2019\/09\/Foto002-1024x1024.jpg 1024w, https:\/\/otyxe.cl\/wp-content\/uploads\/2019\/09\/Foto002-150x150.jpg 150w, https:\/\/otyxe.cl\/wp-content\/uploads\/2019\/09\/Foto002-300x300.jpg 300w, https:\/\/otyxe.cl\/wp-content\/uploads\/2019\/09\/Foto002-768x768.jpg 768w, https:\/\/otyxe.cl\/wp-content\/uploads\/2019\/09\/Foto002-1600x1600.jpg 1600w, https:\/\/otyxe.cl\/wp-content\/uploads\/2019\/09\/Foto002.jpg 2000w\" sizes=\"(max-width: 1024px) 100vw, 1024px\" \/><\/figure>\n\n<p class=\"has-text-align-center\"><strong>Carolina Pinto Pereira<\/strong><\/p>\n\n<p class=\"has-text-align-center\"><strong>SECRETARIA ACAD\u00c9MICA Y FINANZAS<\/strong><\/p>\n\n<p>Titulada en Secretariado administrativo, estudios bancarios en BK, complementado conocimientos en Finanzas\u00a0y manejo de activos. Experiencia laboral en el \u00e1rea de ventas con atenci\u00f3n al cliente. Titulada en T\u00e9cnico en Prevenci\u00f3n de Riesgo en la Universidad Santo Tomas.<\/p>\n\n<p>Mi trabajo est\u00e1 claramente orientado a brindar una oportuna atenci\u00f3n al potencial profesional que requiera de nuestros servicios, brindar una excelente acogida, resolver dudas siendo una voz constante e intermediaria de las necesidades que se planteen en el devenir de las actividades.<\/p>\n<\/div>\n<\/div>\n\t\t\t\t\t\t\t\t<\/div>\n\t\t\t\t<\/div>\n\t\t\t\t\t<\/div>\n\t\t<\/div>\n\t\t\t\t\t<\/div>\n\t\t<\/section>\n\t\t\t\t<\/div>\n\t\t","protected":false},"excerpt":{"rendered":"<p>Reconocido por el Ministerio del Trabajo y Previsi\u00f3n Social. Aprobado por ICONTEC Organismo multinacional , que trabaja para fomentar la&hellip;<\/p>\n","protected":false},"author":2,"featured_media":0,"parent":0,"menu_order":0,"comment_status":"closed","ping_status":"closed","template":"","meta":{"footnotes":""},"yoast_head":"<!-- This site is optimized with the Yoast SEO plugin v23.5 - https:\/\/yoast.com\/wordpress\/plugins\/seo\/ -->\n<title>Nosotros - INSTITUTO DE CAPACITACI\u00d3N OTYXE SPA<\/title>\n<meta name=\"robots\" content=\"index, follow, max-snippet:-1, max-image-preview:large, max-video-preview:-1\" \/>\n<link rel=\"canonical\" href=\"https:\/\/otyxe.cl\/?page_id=53\" \/>\n<meta property=\"og:locale\" content=\"es_ES\" \/>\n<meta property=\"og:type\" content=\"article\" \/>\n<meta property=\"og:title\" content=\"Nosotros - INSTITUTO DE CAPACITACI\u00d3N OTYXE SPA\" \/>\n<meta property=\"og:description\" content=\"Reconocido por el Ministerio del Trabajo y Previsi\u00f3n Social. Aprobado por ICONTEC Organismo multinacional , que trabaja para fomentar la&hellip;\" \/>\n<meta property=\"og:url\" content=\"https:\/\/otyxe.cl\/?page_id=53\" \/>\n<meta property=\"og:site_name\" content=\"INSTITUTO DE CAPACITACI\u00d3N OTYXE SPA\" \/>\n<meta property=\"article:modified_time\" content=\"2023-12-24T21:08:24+00:00\" \/>\n<meta property=\"og:image\" content=\"http:\/\/otyxe.cl\/wp-content\/uploads\/2023\/12\/logo-mintrab--150x150.png\" \/>\n<meta name=\"twitter:card\" content=\"summary_large_image\" \/>\n<meta name=\"twitter:label1\" content=\"Tiempo estimado de lectura\" \/>\n\t<meta name=\"twitter:data1\" content=\"3 minutos\" \/>\n<script type=\"application\/ld+json\" class=\"yoast-schema-graph\">{\"@context\":\"https:\/\/schema.org\",\"@graph\":[{\"@type\":\"WebPage\",\"@id\":\"https:\/\/otyxe.cl\/?page_id=53\",\"url\":\"https:\/\/otyxe.cl\/?page_id=53\",\"name\":\"Nosotros - INSTITUTO DE CAPACITACI\u00d3N OTYXE SPA\",\"isPartOf\":{\"@id\":\"https:\/\/otyxe.cl\/#website\"},\"primaryImageOfPage\":{\"@id\":\"https:\/\/otyxe.cl\/?page_id=53#primaryimage\"},\"image\":{\"@id\":\"https:\/\/otyxe.cl\/?page_id=53#primaryimage\"},\"thumbnailUrl\":\"http:\/\/otyxe.cl\/wp-content\/uploads\/2023\/12\/logo-mintrab--150x150.png\",\"datePublished\":\"2019-07-22T17:11:48+00:00\",\"dateModified\":\"2023-12-24T21:08:24+00:00\",\"breadcrumb\":{\"@id\":\"https:\/\/otyxe.cl\/?page_id=53#breadcrumb\"},\"inLanguage\":\"es-CL\",\"potentialAction\":[{\"@type\":\"ReadAction\",\"target\":[\"https:\/\/otyxe.cl\/?page_id=53\"]}]},{\"@type\":\"ImageObject\",\"inLanguage\":\"es-CL\",\"@id\":\"https:\/\/otyxe.cl\/?page_id=53#primaryimage\",\"url\":\"https:\/\/otyxe.cl\/wp-content\/uploads\/2023\/12\/logo-mintrab-.png\",\"contentUrl\":\"https:\/\/otyxe.cl\/wp-content\/uploads\/2023\/12\/logo-mintrab-.png\",\"width\":1000,\"height\":913},{\"@type\":\"BreadcrumbList\",\"@id\":\"https:\/\/otyxe.cl\/?page_id=53#breadcrumb\",\"itemListElement\":[{\"@type\":\"ListItem\",\"position\":1,\"name\":\"Portada\",\"item\":\"https:\/\/otyxe.cl\/\"},{\"@type\":\"ListItem\",\"position\":2,\"name\":\"Nosotros\"}]},{\"@type\":\"WebSite\",\"@id\":\"https:\/\/otyxe.cl\/#website\",\"url\":\"https:\/\/otyxe.cl\/\",\"name\":\"INSTITUTO DE CAPACITACI\u00d3N OTYXE SPA\",\"description\":\"\",\"publisher\":{\"@id\":\"https:\/\/otyxe.cl\/#organization\"},\"potentialAction\":[{\"@type\":\"SearchAction\",\"target\":{\"@type\":\"EntryPoint\",\"urlTemplate\":\"https:\/\/otyxe.cl\/?s={search_term_string}\"},\"query-input\":{\"@type\":\"PropertyValueSpecification\",\"valueRequired\":true,\"valueName\":\"search_term_string\"}}],\"inLanguage\":\"es-CL\"},{\"@type\":\"Organization\",\"@id\":\"https:\/\/otyxe.cl\/#organization\",\"name\":\"INSTITUTO DE CAPACITACI\u00d3N OTYXE SPA\",\"url\":\"https:\/\/otyxe.cl\/\",\"logo\":{\"@type\":\"ImageObject\",\"inLanguage\":\"es-CL\",\"@id\":\"https:\/\/otyxe.cl\/#\/schema\/logo\/image\/\",\"url\":\"https:\/\/otyxe.cl\/wp-content\/uploads\/2023\/11\/cropped-WhatsApp-Image-2023-11-26-at-09.45.19-1.jpeg\",\"contentUrl\":\"https:\/\/otyxe.cl\/wp-content\/uploads\/2023\/11\/cropped-WhatsApp-Image-2023-11-26-at-09.45.19-1.jpeg\",\"width\":813,\"height\":175,\"caption\":\"INSTITUTO DE CAPACITACI\u00d3N OTYXE SPA\"},\"image\":{\"@id\":\"https:\/\/otyxe.cl\/#\/schema\/logo\/image\/\"}}]}<\/script>\n<!-- \/ Yoast SEO plugin. -->","yoast_head_json":{"title":"Nosotros - INSTITUTO DE CAPACITACI\u00d3N OTYXE SPA","robots":{"index":"index","follow":"follow","max-snippet":"max-snippet:-1","max-image-preview":"max-image-preview:large","max-video-preview":"max-video-preview:-1"},"canonical":"https:\/\/otyxe.cl\/?page_id=53","og_locale":"es_ES","og_type":"article","og_title":"Nosotros - INSTITUTO DE CAPACITACI\u00d3N OTYXE SPA","og_description":"Reconocido por el Ministerio del Trabajo y Previsi\u00f3n Social. Aprobado por ICONTEC Organismo multinacional , que trabaja para fomentar la&hellip;","og_url":"https:\/\/otyxe.cl\/?page_id=53","og_site_name":"INSTITUTO DE CAPACITACI\u00d3N OTYXE SPA","article_modified_time":"2023-12-24T21:08:24+00:00","og_image":[{"url":"http:\/\/otyxe.cl\/wp-content\/uploads\/2023\/12\/logo-mintrab--150x150.png"}],"twitter_card":"summary_large_image","twitter_misc":{"Tiempo estimado de lectura":"3 minutos"},"schema":{"@context":"https:\/\/schema.org","@graph":[{"@type":"WebPage","@id":"https:\/\/otyxe.cl\/?page_id=53","url":"https:\/\/otyxe.cl\/?page_id=53","name":"Nosotros - INSTITUTO DE CAPACITACI\u00d3N OTYXE SPA","isPartOf":{"@id":"https:\/\/otyxe.cl\/#website"},"primaryImageOfPage":{"@id":"https:\/\/otyxe.cl\/?page_id=53#primaryimage"},"image":{"@id":"https:\/\/otyxe.cl\/?page_id=53#primaryimage"},"thumbnailUrl":"http:\/\/otyxe.cl\/wp-content\/uploads\/2023\/12\/logo-mintrab--150x150.png","datePublished":"2019-07-22T17:11:48+00:00","dateModified":"2023-12-24T21:08:24+00:00","breadcrumb":{"@id":"https:\/\/otyxe.cl\/?page_id=53#breadcrumb"},"inLanguage":"es-CL","potentialAction":[{"@type":"ReadAction","target":["https:\/\/otyxe.cl\/?page_id=53"]}]},{"@type":"ImageObject","inLanguage":"es-CL","@id":"https:\/\/otyxe.cl\/?page_id=53#primaryimage","url":"https:\/\/otyxe.cl\/wp-content\/uploads\/2023\/12\/logo-mintrab-.png","contentUrl":"https:\/\/otyxe.cl\/wp-content\/uploads\/2023\/12\/logo-mintrab-.png","width":1000,"height":913},{"@type":"BreadcrumbList","@id":"https:\/\/otyxe.cl\/?page_id=53#breadcrumb","itemListElement":[{"@type":"ListItem","position":1,"name":"Portada","item":"https:\/\/otyxe.cl\/"},{"@type":"ListItem","position":2,"name":"Nosotros"}]},{"@type":"WebSite","@id":"https:\/\/otyxe.cl\/#website","url":"https:\/\/otyxe.cl\/","name":"INSTITUTO DE CAPACITACI\u00d3N OTYXE SPA","description":"","publisher":{"@id":"https:\/\/otyxe.cl\/#organization"},"potentialAction":[{"@type":"SearchAction","target":{"@type":"EntryPoint","urlTemplate":"https:\/\/otyxe.cl\/?s={search_term_string}"},"query-input":{"@type":"PropertyValueSpecification","valueRequired":true,"valueName":"search_term_string"}}],"inLanguage":"es-CL"},{"@type":"Organization","@id":"https:\/\/otyxe.cl\/#organization","name":"INSTITUTO DE CAPACITACI\u00d3N OTYXE SPA","url":"https:\/\/otyxe.cl\/","logo":{"@type":"ImageObject","inLanguage":"es-CL","@id":"https:\/\/otyxe.cl\/#\/schema\/logo\/image\/","url":"https:\/\/otyxe.cl\/wp-content\/uploads\/2023\/11\/cropped-WhatsApp-Image-2023-11-26-at-09.45.19-1.jpeg","contentUrl":"https:\/\/otyxe.cl\/wp-content\/uploads\/2023\/11\/cropped-WhatsApp-Image-2023-11-26-at-09.45.19-1.jpeg","width":813,"height":175,"caption":"INSTITUTO DE CAPACITACI\u00d3N OTYXE SPA"},"image":{"@id":"https:\/\/otyxe.cl\/#\/schema\/logo\/image\/"}}]}},"_links":{"self":[{"href":"https:\/\/otyxe.cl\/index.php?rest_route=\/wp\/v2\/pages\/53"}],"collection":[{"href":"https:\/\/otyxe.cl\/index.php?rest_route=\/wp\/v2\/pages"}],"about":[{"href":"https:\/\/otyxe.cl\/index.php?rest_route=\/wp\/v2\/types\/page"}],"author":[{"embeddable":true,"href":"https:\/\/otyxe.cl\/index.php?rest_route=\/wp\/v2\/users\/2"}],"replies":[{"embeddable":true,"href":"https:\/\/otyxe.cl\/index.php?rest_route=%2Fwp%2Fv2%2Fcomments&post=53"}],"version-history":[{"count":27,"href":"https:\/\/otyxe.cl\/index.php?rest_route=\/wp\/v2\/pages\/53\/revisions"}],"predecessor-version":[{"id":2899,"href":"https:\/\/otyxe.cl\/index.php?rest_route=\/wp\/v2\/pages\/53\/revisions\/2899"}],"wp:attachment":[{"href":"https:\/\/otyxe.cl\/index.php?rest_route=%2Fwp%2Fv2%2Fmedia&parent=53"}],"curies":[{"name":"wp","href":"https:\/\/api.w.org\/{rel}","templated":true}]}}